{"id":8106,"date":"2021-04-23T10:11:35","date_gmt":"2021-04-23T07:11:35","guid":{"rendered":"https:\/\/ibp.org.by\/en\/?page_id=8106"},"modified":"2023-02-15T16:58:55","modified_gmt":"2023-02-15T13:58:55","slug":"articles-3","status":"publish","type":"page","link":"https:\/\/ibce.by\/en\/articles-3\/","title":{"rendered":"Articles"},"content":{"rendered":"<p><section class=\"kc-elm kc-css-444087 kc_row\"><div class=\"kc-row-container  kc-container\"><div class=\"kc-wrap-columns\"><div class=\"kc-elm kc-css-967462 kc_col-sm-12 kc_column kc_col-sm-12\"><div class=\"kc-col-container\">\n<div class=\"kc-elm kc-css-109043 kc-title-wrap \">\n\n\t<h1 class=\"kc_title\">Articles<\/h1>\n<\/div>\n<\/div><\/div><\/div><\/div><\/section><section class=\"kc-elm kc-css-926365 kc_row\"><div class=\"kc-row-container  kc-container\"><div class=\"kc-wrap-columns\"><div class=\"kc-elm kc-css-95239 kc_column kc_col-sm-12\"><div class=\"kc-col-container\"><div class=\"kc-elm kc-css-44318 kc_text_block\"><\/p>\n<p style=\"text-align: center;\"><strong><em>2023 \u0433.<\/em><\/strong><\/p>\n<ol>\n<li>1. \u00d6. Acet, D. Shcharbin, V. Zhogla, P. Kirsanov, I. Halets-Bui, B. \u00d6nal Acet, T. G\u00f6k, M. Bryszewska, M. Odaba\u015f\u0131. Dipeptide Nanostructures: Synthesis, Interactions, Advantages and Biomedical Applications <em>\/\/ Colloids and Surfaces B: Biointerfaces. 2023.<\/em> <em>V.<\/em><em>222. N. 113031. Impact Factor = 5.999.<\/em><\/li>\n<li>\u00a0V. Abashkin, E. P\u0119dziwiatr-Werbicka, K. Horodecka, V. Zhogla, E. Ulashchik, V. Shmanai, D. Shcharbin, M. Bryszewska. Silver nanoparticles modified by carbosilane dendrons and PEG as delivery vectors of small interfering RNA \/\/ <em>Int. J. Mol. Sci. 2023. V. 24. No. 840. 5-Year Impact Factor = 6.628<\/em>.<\/li>\n<\/ol>\n<p style=\"text-align: center;\"><strong><em>2022 \u0433.<\/em><\/strong><\/p>\n<ol>\n<li>\u00a0Mignani, X. Shi, M. Bryszewska, D. Shcharbin, J.-P. Majoral. Engineered phosphorus dendrimers as powerful non-viral nanoplatforms for gene delivery: A great hope for the future of cancer therapeutics \/\/ Explor Target Antitumor Ther. 2022. Vol. 3. P. 50\u201361.<\/li>\n<li>L. Mikhnavets, V. Abashkin, H. Khamitsevich, D. Shcharbin, A. Burko, N. Krekoten, D. Radziuk. Ultrasonic Formation of Fe3O4\u2011Reduced Graphene Oxide\u2212Salicylic Acid Nanoparticles with Switchable Antioxidant Function \/\/ ACS Biomater. Sci. Eng. 2022, Vol. 8, P. 1181\u20131192. Impact Factor = 5.395.<\/li>\n<li>\u00a0T. Pozniak, D. Shcharbin, M. Bryszewska. Circulating microRNAs in medicine \/\/ Int. J. Mol. Sci. 2022, Vol. 23, No 3996. 5-Year Impact Factor = 6.628.<\/li>\n<li>\u00a0B. \u00d6nal, \u00d6. Acet, V. Dzmitruk, I. Halets-Bui, D. Shcharbin, N. \u00d6zdemir, M. Odaba\u015f\u0131. An observation on IMAC performance of pure inorganic nanoflowers: Cu2+-nanoflowers for protein separation \/\/ Polymer Bulletin. 2022. Vol. 79 (5), P. 3233-3251. Impact Factor = 2.843.<\/li>\n<li>\u00a0I. Halets-Bui, V. Dzmitruk, V. Abashkin, S. Loznikova, \u00d6. Acet, B. \u00d6nal, N. \u00d6zdemir, M. Bryszewska, M. Odaba\u015f\u0131, D. Shcharbin. Differences between Cu- and Fe-Cu-nanoflowers in their interactions with fluorescent probes ANS and Fura-2 and proteins albumin and thrombin \/\/ Polymer Bulletin. 2022. V.79 (7), P.5247-5259. Impact Factor = 2.843.<\/li>\n<li>\u00a0M. Veliskova, M. Zvarik, S. Suty, J. Jacko, P. Mydla, K. Cechova, D. Dzubinska, M. Morvova, M. Ionov, M. Terehova, J.-P. Majoral, M. Bryszewska, I. Waczulikova. In vitro interactions of amphiphilic phosphorous dendrons with liposomes and exosomes &#8211; implications for blood viscosity changes \/\/ Pharmaceutics 2022, Vol. 14(8), No. 1596. 5-Year Impact Factor = 7.227.<\/li>\n<li>\u00a0\u0410. \u0418. \u0421\u0442\u0430\u043d\u043e\u0432\u0430\u044f, \u0412. \u041c. \u0410\u0431\u0430\u0448\u043a\u0438\u043d, \u0410. \u0412. \u0412\u0447\u0435\u0440\u0430\u0448\u043d\u044f\u044f, \u041c. \u041c. \u0422\u0435\u0440\u0435\u0445\u043e\u0432\u0430, \u0412. \u0410. \u0416\u043e\u0433\u043b\u0430, \u0418. \u0412. \u0413\u0430\u043b\u0435\u0446-\u0411\u0443\u0439, \u0421. \u0421. \u0416\u0438\u0432\u0438\u0446\u043a\u0430\u044f, \u0414. \u0413. \u0429\u0435\u0440\u0431\u0438\u043d. \u0422\u043e\u043a\u0441\u0438\u0447\u043d\u043e\u0441\u0442\u044c \u043f\u043e\u043b\u0438\u0430\u043c\u0438\u0434\u043e\u0430\u043c\u0438\u043d\u043d\u044b\u0445 \u0434\u0435\u043d\u0434\u0440\u0438\u043c\u0435\u0440\u043e\u0432 in vivo \/\/ \u0412\u0435\u0441\u0446\u0456 \u041d\u0430\u0446\u044b\u044f\u043d\u0430\u043b\u044c\u043d\u0430\u0439 \u0430\u043a\u0430\u0434\u044d\u043c\u0456\u0456 \u043d\u0430\u0432\u0443\u043a \u0411\u0435\u043b\u0430\u0440\u0443\u0441\u0456. \u0421\u0435\u0440\u044b\u044f \u0431\u0456\u044f\u043b\u0430\u0433\u0456\u0447\u043d\u044b\u0445 \u043d\u0430\u0432\u0443\u043a. 2022. \u0422. 67, No 4. C. 419\u2013425.<\/li>\n<li>\u00a0H. Sun, M. Zhan, S. Mignani, D. Shcharbin, J.-P. Majoral, J. Rodrigues, X. Shi, M. Shen. Modulation of Macrophages Using Nanoformulations with Curcumin to Treat Inflammatory Diseases: A Concise Review \/\/ Pharmaceutics. 2022. 5-Year Impact Factor = 7.227.<\/li>\n<li>\u00a0A. Drinevskyi, E. Zelkovskyi, V. Abashkin, D. Shcharbin, T. Rysalskaya, D. Radziuk. Activation of ibuprofen via ultrasonic complexation with silver in N-doped oxidized graphene nanoparticles for microwave chemotherapy of cervix tumor tissue \/\/ ACS Biomaterials Science &amp; Engineering. 2022. doi: 10.1021\/acsbiomaterials.2c01045. Impact Factor = 5.395.<br \/>10. \u0410. \u0421\u0442\u0430\u043d\u043e\u0432\u0430\u044f, \u041c. \u0422\u0435\u0440\u0435\u0445\u043e\u0432\u0430, \u0412. \u0410\u0431\u0430\u0448\u043a\u0438\u043d, \u041c. \u041e\u0434\u0430\u0431\u0430\u0448\u0438, \u0414. \u0429\u0435\u0440\u0431\u0438\u043d. \u041d\u0430\u043d\u043e\u0447\u0430\u0441\u0442\u0438\u0446\u044b \u0432 \u0431\u0438\u043e\u043b\u043e\u0433\u0438\u0438 \u0438 \u043c\u0435\u0434\u0438\u0446\u0438\u043d\u0435 \/\/ \u041d\u0430\u0443\u043a\u0430 \u0438 \u0438\u043d\u043d\u043e\u0432\u0430\u0446\u0438\u0438. 2022. \u2116 11 (237). \u0421. 78-83.<\/li>\n<li>\u00a0O. Mostovaya, I. Shiabiev, D. Pysin, A. Stanavaya, V. Abashkin, D. Shcharbin, P. Padnya, I. Stoikov, PAMAM-calix-dendrimers: second generation synthesis, fluorescent properties and catecholamines binding \/\/ Pharmaceutics. 2022. Vol. 14(12), N 2748. 5-Year Impact Factor = 7.227.<\/li>\n<li>\u00a0Terehova M. Effect of amphiphilic phosphorous dendrons on the conformation, secondary structure, and zeta potential of albumin and thrombin \/\/ M. Terehova; J. Magiera; J. Qiu; J.-P. Majoral; X. Shi; S. Mignani; M. Ionov; I. Waczulikova; M. Bryszewska; D. Shcharbin \/ Polymer Bulletin. \u2013 2022. DOI: 10.1007\/s00289-022-04512-8.<\/li>\n<\/ol>\n<p style=\"text-align: center;\"><strong><em>2021 \u0433.<\/em><\/strong><\/p>\n<ol>\n<li>Sylwia Michlewska, Marta Maroto, Marcin Ho\u0142ota, Ma\u0142gorzata Kubczak, Natalia Sanz del Olmo, Paula Ortega, Dzmitry Shcharbin, F. Javier De la Mata, Maria Bryszewska, Maksim Ionov Combined therapy of ruthenium dendrimers and anti-cancer drugs against human leukemic cells \/\/ Dalton Transactions<em>. 2021. <\/em><em> 50, P. 9500-9511<\/em><em>.\u00a0<\/em><\/li>\n<li>P. Majoral, M. Zablocka, K. Ciepluch, K. Milowska, M. Bryszewska, D. Shcharbin, N. Katir, A. El Kadib, A.-M. Caminade, S. Mignani. Hybrid Phosphorus-viologen-dendrimers as new soft nanoparticles. Design and properties. \/\/ Organic Chemistry Frontiers<em>. 2021. Vol. 8, P. 4607-4622.<\/em> Impact factor <em>= 5.<\/em><em>281.<\/em><\/li>\n<li>Halets-Bui, V. Dzmitruk, V. Abashkin, S. Loznikova, \u00d6. Acet, B. \u00d6nal, N. \u00d6zdemir, M. Bryszewska, M. Odaba\u015f\u0131, D. Shcharbin. Differences between Cu- and Fe-Cu-nanoflowers in their interactions with fluorescent probes ANS and Fura-2 and proteins albumin and thrombin \/\/ Polymer Bulletin<em>. 2021.\u00a0<\/em><\/li>\n<li>\u00d6nal, \u00d6. Acet, V. Dzmitruk, I. Halets-Bui, D. Shcharbin, N. \u00d6zdemir, M. Odaba\u015f\u0131. An observation on IMAC performance of pure inorganic nanoflowers: Cu2+-nanoflowers for protein separation \/\/ Polymer Bulletin. 2021.<\/li>\n<li>Pedziwiatr-Werbicka, K. Horodecka, D. Shcharbin, M. Bryszewska. Nanoparticles in combating cancer: opportunities and limitations \/\/ Current Medicinal Chemistry.<em> 2021. Vol.\u200f 28 (2). P. 346-359.<\/em><\/li>\n<li>P\u0119dziwiatr-Werbicka, M. Gorzkiewicz, S. Michlewska, M. Ionov, D. Shcharbin, B. Klajnert-Maculewicz, C. E. Pe\u00f1a-Gonz\u00e1lez, J. S\u00e1nchez-Nieves, R. G\u00f3mez, F. J. de la Mata, M. Bryszewska. Evaluation of dendronized gold nanoparticles as siRNAs carriers of uptake into cancer cells \/\/ J. Mol. Liquids. <em>2021. Vol. 324. N 114726.\u00a0<\/em><\/li>\n<li>Terehova, V. Dzmitruk, V. Abashkin, G. Kirakosyan, G. Ghukasyan, M. Bryszewska, E. Pedziwiatr-Werbicka, M. Ionov, R. G\u00f3mez, F. J. de la Mata, S. Mignani, X. Shi, J.-P. Majoral, A. Sukhodola, D. Shcharbin. Comparison of the effects of dendrimer, micelle and silver nanoparticles on phospholipase A2 structure \/\/ Journal of Biotechnology<em>. 2021. Vol. 331, P. 48-52.\u00a0<\/em><\/li>\n<li>Mignani, X. Shi, V. Ce\u00f1a, D. Shcharbin, M. Bryszewska, J.-P. Majoral. <em>In vivo<\/em> therapeutic applications of phosphorus dendrimers: State of the art \/\/ Drug Discovery Today<em>. 2021, Vol. 26, Pp. 677-689.<\/em><\/li>\n<li>\u0422. \u0410. \u041f\u043e\u0437\u043d\u044f\u043a, \u0410. \u0415. \u0413\u043e\u043d\u0447\u0430\u0440\u043e\u0432, \u0412. \u041c. \u0410\u0431\u0430\u0448\u043a\u0438\u043d, \u0410. \u0418. \u0421\u0442\u0430\u043d\u043e\u0432\u0430\u044f, \u0410. \u0412. \u041f\u0440\u043e\u0445\u043e\u0440\u043e\u0432, \u0414. \u0413. \u0429\u0435\u0440\u0431\u0438\u043d. \u0426\u0438\u0440\u043a\u0443\u043b\u0438\u0440\u0443\u044e\u0449\u0438\u0435 \u043e\u043f\u0443\u0445\u043e\u043b\u0435\u0432\u044b\u0435 \u043a\u043b\u0435\u0442\u043a\u0438 \u0438 \u0446\u0438\u0440\u043a\u0443\u043b\u0438\u0440\u0443\u044e\u0449\u0438\u0435 \u0440\u0430\u043a\u043e\u0432\u044b\u0435 \u0441\u0442\u0432\u043e\u043b\u043e\u0432\u044b\u0435 \u043a\u043b\u0435\u0442\u043a\u0438 \u0438 \u0438\u0445 \u0434\u0435\u0442\u0435\u043a\u0446\u0438\u044f \u043c\u0435\u0442\u043e\u0434\u043e\u043c \u043f\u0440\u043e\u0442\u043e\u0447\u043d\u043e\u0439 \u0446\u0438\u0442\u043e\u0444\u043b\u0443\u043e\u0440\u0438\u043c\u0435\u0442\u0440\u0438\u0438 \/\/ \u0418\u0437\u0432\u0435\u0441\u0442\u0438\u044f \u041d\u0430\u0446\u0438\u043e\u043d\u0430\u043b\u044c\u043d\u043e\u0439 \u0430\u043a\u0430\u0434\u0435\u043c\u0438\u0438 \u043d\u0430\u0443\u043a \u0411\u0435\u043b\u0430\u0440\u0443\u0441\u0438. \u0421\u0435\u0440\u0438\u044f \u0431\u0438\u043e\u043b\u043e\u0433\u0438\u0447\u0435\u0441\u043a\u0438\u0445 \u043d\u0430\u0443\u043a. <em>2021. &#8211; \u0422\u043e\u043c 66, \u2116 3. &#8211; <\/em><em>C<\/em><em>. 370-384<\/em><em>.<\/em><\/li>\n<li>V. Abashkin, E. P\u0119dziwiatr-Werbicka, R. G\u00f3mez, F. J. de la Mata, V. Dzmitruk, D. Shcharbin, M. Bryszewska. Prospects of Cationic Carbosilane Dendronized Gold Nanoparticles as Non-viral Vectors for Delivery of Anticancer siRNAs siBCL-xL and siMCL-1 \/\/ Pharmaceutics<em>, 2021, Vol. 13(10), No. 1549.\u00a0<\/em><\/li>\n<li>Suty, V. Oravczova, Z. Garaiova, V. Subjakova, M. Ionov, D. Shcharbin, Z. Simonikova, P. Bartek, M. Zvarik, X. Shi, S. Mignani, J.-P. Majoral, M. Bryszewska, T. Hianik, I. Waczulikova. Blood compatibility of amphiphilic phosphorous dendrons &#8211; prospective drug nanocarriers \/\/ Biomedicines. &#8211;<em>\u00a02021, 9(11), No. 1672.<\/em><\/li>\n<li>\u041c. \u041c. \u0422\u0435\u0440\u0435\u0445\u043e\u0432\u0430, \u0412. \u041c. \u0410\u0431\u0430\u0448\u043a\u0438\u043d, \u0412. \u0410. \u0416\u043e\u0433\u043b\u0430, \u0418. \u0412. \u0413\u0430\u043b\u0435\u0446-\u0411\u0443\u0439, \u0421. \u0416. \u041b\u043e\u0437\u043d\u0438\u043a\u043e\u0432\u0430, \u041c. \u0411\u0440\u044b\u0448\u0435\u0432\u0441\u043a\u0430, \u041c. \u0418\u043e\u043d\u043e\u0432, \u0418. \u0412\u0430\u0446\u0443\u043b\u0438\u043a\u043e\u0432\u0430, \u0416.-\u041f. \u041c\u0430\u0436\u043e\u0440\u0430\u043b\u044c, \u0414. \u0413. \u0429\u0435\u0440\u0431\u0438\u043d. \u0412\u0437\u0430\u0438\u043c\u043e\u0434\u0435\u0439\u0441\u0442\u0432\u0438\u0435 \u043f\u043e\u043b\u0438\u0430\u043c\u0438\u0434\u043e\u0430\u043c\u0438\u043d\u043d\u044b\u0445 \u0434\u0435\u043d\u0434\u0440\u0438\u043c\u0435\u0440\u043e\u0432 \u0438 \u0430\u043c\u0444\u0438\u0444\u0438\u043b\u044c\u043d\u044b\u0445 \u0434\u0435\u043d\u0434\u0440\u043e\u043d\u043e\u0432 \u0441 \u043b\u0438\u043f\u0438\u0434\u043d\u044b\u043c\u0438 \u043c\u0435\u043c\u0431\u0440\u0430\u043d\u0430\u043c\u0438 \/\/ \u0412\u0435\u0441. \u041d\u0430\u0446. a\u043a\u0430\u0434. \u043d\u0430\u0432\u0443\u043a \u0411\u0435\u043b\u0430\u0440\u0443\u0441\u0456. \u0421\u0435\u0440. \u0431\u0456\u044f\u043b. \u043d\u0430\u0432\u0443\u043a. \u2013 2021. \u2013 \u0422. 66, No \u2013 \u0421. 497\u2013512.<\/li>\n<\/ol>\n<p style=\"text-align: center;\"><strong><em>2020 \u0433.<\/em><\/strong><\/p>\n<ol>\n<li>Mignani S., Shi X., Ce\u00f1a V., Shcharbin D., Bryszewska M., Majoral J.-P. In vivo therapeutic applications of phosphorus dendrimers: State of the art \/\/ Drug Discovery Today. &#8211; 2020.<\/li>\n<li>Serinba\u015f A., \u00d6nal B., Acet \u00d6., \u00d6zdemir N., Dzmitruk V., Halets-Bui I., Shcharbin D., Odaba\u015f\u0131 M. A new applications of inorganic sorbent for biomolecules: IMAC practice of Fe<sup>3+<\/sup>-nano flowers for DNA separation \/\/ Materials Science and Engineering C. &#8211; 2020. &#8211; Vol. 113, \u2116. 111020.<\/li>\n<li>Shcharbin D., Bryszewska M., Mignani S., Shi X., Majoral J.-P. Phosphorus dendrimers as powerful nanoplatforms for drug delivery, as fluorescent probes and for liposome interaction studies: A concise overview \/\/ European Journal of Medicinal Chemistry. &#8211; 2020. &#8211; Vol. 208, \u2116 112788.<\/li>\n<li>Barrios-Gumiel A., Pedziwiatr-Werbicka E., S\u00e1nchez-Nieves J., Abashkin V., Shcharbina N., Shcharbin D., Gli\u0144ska S., Ciepluch K., Kuc-Ciepluch D., Lach D., Bryszewska M., G\u00f3mez R., de la Mata F. J. Effect of PEGylation on the biological properties of cationic carbosilane dendronized gold nanoparticles \/\/ International Journal of Pharmaceutics. &#8211; 2020. &#8211; Vol. 573, \u2116 118867.<\/li>\n<li>Michlewska S., Ionov M., Szwed A., Rogalska A., Sanz del Olmo N., Ortega P., Denel M., Jacenik D., Shcharbin D., de la Mata F.J., Bryszewska M.. Ruthenium dendrimers against human lymphoblastic leukemia 1301 cells \/\/ Int. J. Mol. Sci. \u2013 2020. \u2013 Vol. 21(11), \u2116 4119.<\/li>\n<li>P\u0119dziwiatr-Werbicka E., Gorzkiewicz M., Horodecka K., Abashkin V., Klajnert-Maculewicz B., Pe\u00f1a-Gonz\u00e1lez C.E., S\u00e1nchez-Nieves J., G\u00f3mez R., de la Mata F.J., Bryszewska M. Silver nanoparticles surface-modified with carbosilane dendrons as carriers of anticancer siRNA \/\/ International Journal of Molecular Sciences. \u2013 2020. \u2013 Vol. 21, \u2116 13.<\/li>\n<li>Szwed A., Milowska K., Michlewska S., Moreno S., Shcharbin D., Gomez-Ramirez R., de la Mata F.J., Majoral J.-P., Bryszewska M., Gabryelak T. Generation Dependent Effects and Entrance to Mitochondria of Hybrid Dendrimers on Normal and Cancer Neuronal Cells in Vitro \/\/ Biomolecules. &#8211; 2020. &#8211; Vol. 10(3), \u2116 427.<\/li>\n<li>\u0412.\u041c. \u0410\u0431\u0430\u0448\u043a\u0438\u043d, \u041c.\u041c. \u0422\u0435\u0440\u0435\u0445\u043e\u0432\u0430, \u0418.\u0412. \u0413\u0430\u043b\u0435\u0446-\u0411\u0443\u0439, \u041e.\u0413. \u0414\u043c\u0438\u0442\u0440\u0443\u043a, \u0421.\u0416. \u041b\u043e\u0437\u043d\u0438\u043a\u043e\u0432\u0430, \u041a. \u041c\u0438\u043b\u043e\u0432\u0441\u043a\u0430, \u0414.\u0413. \u0429\u0435\u0440\u0431\u0438\u043d. \u0412\u0437\u0430\u0438\u043c\u043e\u0434\u0435\u0439\u0441\u0442\u0432\u0438\u0435 \u0434\u0435\u043d\u0434\u0440\u0438\u043c\u0435\u0440\u043e\u0432 \u0438 \u0434\u0435\u043d\u0434\u0440\u043e\u043d\u0438\u0437\u0438\u0440\u043e\u0432\u0430\u043d\u043d\u044b\u0445 \u043d\u0430\u043d\u043e\u0447\u0430\u0441\u0442\u0438\u0446 \u0441 \u0431\u0435\u043b\u043a\u0430\u043c\u0438 \/\/ \u0412\u0435\u0441. \u041d\u0430\u0446. a\u043a\u0430\u0434. \u043d\u0430\u0432\u0443\u043a \u0411\u0435\u043b\u0430\u0440\u0443\u0441\u0456. \u0421\u0435\u0440. \u0431\u0456\u044f\u043b. \u043d\u0430\u0432\u0443\u043a. \u2013 2020. \u2013 \u0422. 65, \u2116 4. \u2013 \u0421. 497\u2013509.<\/li>\n<\/ol>\n<p style=\"text-align: center;\"><strong><em>2019 \u0433.<\/em><\/strong><\/p>\n<ol>\n<li>Krasheninina O.A., E.K. Apartsin, E. Fuentes, A. Szulc, M. Ionov, A.G. Venyaminova, D. Shcharbin, F.J. de la Mata, M. Bryszewska, R. G\u03ccmez. Complexes of Pro-Apoptotic siRNAs and Carbosilane Dendrimers: Formation and Effect on Cancer Cells \/\/ <em> &#8211; 2019. &#8211; Vol. 11 (1), \u2116. 25<\/em><em>.<\/em><\/li>\n<li>Serchenya T., D. Shcharbin, I. Shyrochyna, O. Sviridov, M. Terekhova, V. Dzmitruk, V. Abashkin, E. Apartsin, S. Mignani, J.-P. Majoral, M. Ionov, M. Bryszewska. Immunoreactivity Changes of Human Serum Albumin and Alpha-1-Microglobulin Induced By Their Interaction With Dendrimers \/\/ <em>Colloids and Surfaces B. &#8211; 2019. &#8211; Vol. 179. &#8211; P. 226-232. <\/em><\/li>\n<li>Michlewska S., M. Ionov, M. Maroto-D\u00edaz, A. Szwed, A. Ihnatsyeu-Kachan, V. Abashkin, V. Dzmitruk, A. Rogalska, M. Denel, M. Gapinska, D. Shcharbin, R. Gomez Ramirez, F.J. de la Mata, M. Bryszewska. Ruthenium dendrimers against acute promyelocytic leukaemia. <em>In vitro<\/em> studies on HL-60 cells \/\/ <em>Future Medicinal <\/em> \u2013 2019. \u2013 Vol. 11, \u2116 14. \u2013 P. 1741-1756.<\/li>\n<li>Pedziwiatr-Werbicka, K. Milowska, V. Dzmitruk, M. Ionov, D. Shcharbin, M. Bryszewska. Dendrimers and hyperbranched structures for biomedical applications \/\/ European Polymer Journal. \u2013 2019. &#8211; Vol. 119. &#8211; P. 61-73.<\/li>\n<li>Shcharbin, I. Halets-Bui, V. Abashkin, V. Dzmitruk, S. Loznikova, M. Odaba\u015f\u0131, \u00d6. Acet, B. \u00d6nal, N. \u00d6zdemir, N. Shcharbina, M. Bryszewska, Hybrid Metal-Organic Nanoflowers and Their Application in Biotechnology and Medicine \/\/ <em>Colloids and Surfaces B. &#8211; 2019. &#8211; Vol. 182, \u2116. 110354. <\/em><\/li>\n<li>Michlewska, M. Kubczak, M. Maroto-D\u00edaz, N. Sanz del Olmo, P. Ortega, D. Shcharbin, R. Gomez Ramirez, F. J. de la Mata, M. Ionov, M. Bryszewska. FITC labelled ruthenium dendrimer as a controlled carrier in anticancer drug delivery \/\/ Biomolecules. &#8211; 2019. &#8211; Vol. 9, \u2116 9. \u2013 P. 411.<\/li>\n<li>\u0412. \u041c. \u0410\u0431\u0430\u0448\u043a\u0438\u043d, \u0418. \u0412. \u0413\u0430\u043b\u0435\u0446-\u0411\u0443\u0439, \u041e. \u0413. \u0414\u043c\u0438\u0442\u0440\u0443\u043a, \u041c. \u0411\u0440\u044b\u0448\u0435\u0432\u0441\u043a\u0430, \u0414. \u0413. \u0429\u0435\u0440\u0431\u0438\u043d, \u041c. \u041e\u0434\u0430\u0431\u0430\u0448\u0438, \u041e. \u0410\u0446\u0435\u0442, \u0411. \u041e\u043d\u0430\u043b, \u041d. \u041e\u0437\u0434\u0435\u043c\u0438\u0440. \u0413\u0438\u0431\u0440\u0438\u0434\u043d\u044b\u0435 \u043c\u0435\u0442\u0430\u043b\u043b-\u043e\u0440\u0433\u0430\u043d\u0438\u0447\u0435\u0441\u043a\u0438\u0435 \u043d\u0430\u043d\u043e\u0446\u0432\u0435\u0442\u044b \u0438 \u0438\u0445 \u043f\u0440\u0438\u043c\u0435\u043d\u0435\u043d\u0438\u0435 \u0432 \u0431\u0438\u043e\u0442\u0435\u0445\u043d\u043e\u043b\u043e\u0433\u0438\u0438 \/\/ <em>\u0412\u0435\u0441\u0442\u0438 \u041d\u0410\u041d \u0411\u0435\u043b\u0430\u0440\u0443\u0441\u0438, \u0441\u0435\u0440. \u0431\u0438\u043e\u043b. \u043d. &#8211; 2019. &#8211; \u0422. 64, \u2116 3. &#8211; \u0421. 374 &#8211; 384<\/em><em>.<\/em><\/li>\n<\/ol>\n<p style=\"text-align: center;\"><strong><em>2018 \u0433.<\/em><\/strong><\/p>\n<ol>\n<li>Ihnatsyeu-Kachan A., V. Dzmitruk, E. Apartsin, O. Krasheninina, M. Ionov, S. Loznikova, A. Venyaminova, K. Milowska, D. Shcharbin, S. Mignani, M.-A. Mu\u00f1oz-Fern\u00e1ndez, J.-P. Majoral, M. Bryszewska. Multi-target inhibition of cancer cell growth by siRNA cocktails and 5-fluorouracil using effective piperidine-terminated phosphorus dendrimers \/\/ Colloids and Interfaces. &#8211; 2018. &#8211; Vol. 1, (1), \u2116 6.<\/li>\n<li>Pedziwiatr-Werbicka E., Serchenya T., Shcharbin D., Terekhova M., Prokhira E., Shyrochyna I., Sviridov O., Pe\u00f1a-Gonz\u00e1lez C.E., G\u00f3mez R., S\u00e1nchez-Nieves J., de la Mata F.J., Bryszewska M. Dendronization of Gold Nanoparticles Decreases Their Impact on Human Alpha-1-Microglobulin \/\/ International Journal of Biological Macromolecules. &#8211; 2018. &#8211; Vol. 108. &#8211; P. 936-941.<\/li>\n<li>Michlewska S., M. Ionov, M. Maroto-D\u00edaz, A. Szwed, A. Ihnatsyeu-Kachan, S. Loznikova, D. Shcharbin, M. Maly, R. Gomez Ramirez, F. J. de la Mata, M. Bryszewska. Ruthenium dendrimers as carriers for anticancer siRNA \/\/ Journal of Inorganic Biochemistry. \u2013 2018. &#8211; Vol. 181. &#8211; P. 18-27.<\/li>\n<li>\u0410\u0431\u0430\u0448\u043a\u0438\u043d \u0412.\u041c., \u0414\u043c\u0438\u0442\u0440\u0443\u043a \u041e.\u0413., \u0429\u0435\u0440\u0431\u0438\u043d \u0414.\u0413. \u041c\u0430\u043b\u044b\u0435 \u043d\u0435\u043a\u043e\u0434\u0438\u0440\u0443\u044e\u0449\u0438\u0435 \u0420\u041d\u041a: \u0431\u0438\u043e\u043b\u043e\u0433\u0438\u0447\u0435\u0441\u043a\u0430\u044f \u0440\u043e\u043b\u044c \u0438 \u0431\u0438\u043e\u043c\u0435\u0434\u0438\u0446\u0438\u043d\u0441\u043a\u043e\u0435 \u043f\u0440\u0438\u043c\u0435\u043d\u0435\u043d\u0438\u0435 \/\/ \u0412\u0435\u0441\u0442\u0438 \u041d\u0410\u041d \u0411\u0435\u043b\u0430\u0440\u0443\u0441\u0438, \u0441\u0435\u0440.\u0431\u0438\u043e\u043b.\u043d. &#8211; 2018. &#8211; \u0422.63, \u21162. &#8211; C. 232-244.<\/li>\n<li>Shcharbin D., E. Pedziwiatr-Werbicka, T. Serchenya, S. Cyboran-Mikolajczyk, L. Prakhira, V. Abashkin, V. Dzmitruk, M. Ionov, S. Loznikova, I. Shyrochyna, O. Sviridov, C.E. Pe\u00f1a-Gonz\u00e1lez, A. Barrios Gumiel, R. G\u00f3mez, F. J. de la Mata, M. Bryszewska. Role of cationic carbosilane dendrons and metallic core of functionalized gold nanoparticles in their interaction with human serum albumin \/\/ International Journal of Biological Macromolecules. &#8211; 2018. \u2013 Vol. 118 (Pt B). \u2013 P. 1773-1780.<\/li>\n<li>Dzmitruk V., E. Apartsin, A. Ihnatsyeu-Kachan, V. Abashkin, D. Shcharbin, M. Bryszewska. Dendrimers Show Promise for siRNA and microRNA Therapeutics \/\/ Pharmaceutics. \u2013 2018. \u2013 Vol. 10, \u2116 \u2013 P. 126.<\/li>\n<li>\u0414\u0443\u0431\u043e\u0432\u0441\u043a\u0430\u044f \u041b.\u0412., \u0411\u0430\u043a\u0430\u043a\u0438\u043d\u0430 \u042e.\u0421., \u0414\u043e\u0440\u043e\u0448\u0435\u043d\u043a\u043e \u0422.\u041c., \u041f\u043e\u0440\u0442\u044f\u043d\u043a\u043e \u0410.\u0421. \u0420\u0430\u043a\u043e\u0432\u044b\u0435 \u0441\u0442\u0432\u043e\u043b\u043e\u0432\u044b\u0435 \u043a\u043b\u0435\u0442\u043a\u0438 \u043c\u043e\u043b\u043e\u0447\u043d\u043e\u0439 \u0436\u0435\u043b\u0435\u0437\u044b: \u0438\u0434\u0435\u043d\u0442\u0438\u0444\u0438\u043a\u0430\u0446\u0438\u044f, \u0440\u043e\u043b\u044c \u0432 \u043c\u0435\u0442\u0430\u0441\u0442\u0430\u0437\u0438\u0440\u043e\u0432\u0430\u043d\u0438\u0438 \u0438 \u043b\u0435\u043a\u0430\u0440\u0441\u0442\u0432\u0435\u043d\u043d\u043e\u0439 \u0440\u0435\u0437\u0438\u0441\u0442\u0435\u043d\u0442\u043d\u043e\u0441\u0442\u0438 \/\/ \u041d\u043e\u0432\u043e\u0441\u0442\u0438 \u043c\u0435\u0434\u0438\u043a\u043e-\u0431\u0438\u043e\u043b\u043e\u0433\u0438\u0447\u0435\u0441\u043a\u0438\u0445 \u043d\u0430\u0443\u043a. \u2013 2018. \u2013 \u0422. 17, \u2116 1. \u2013 \u0421. 72\u201379.<\/li>\n<\/ol>\n<p style=\"text-align: center;\"><strong><em>2017 \u0433.<\/em><\/strong><\/p>\n<ol>\n<li>Shcharbin D., E. Pedziwiatr-Werbicka, A. Vcherashniaya, A. Janaszewska, M. Marcinkowska, P. Goska, B. Klajnert-Maculewicz, M. Ionov, V. Abashkin, A. Ihnatsyeu-Kachan, J. de la Mata, P. Ortega, R. Gomez-Ramirez, J.-P. Majoral, M. Bryszewska. Binding of poly(amidoamine), carbosilane, phosphorus and hybrid dendrimers to thrombin &#8211; constants and mechanisms \/\/ Colloids and Surfaces B. &#8211; 2017. &#8211; Vol. 155. &#8211; P. 11-16.<\/li>\n<li>Shcharbin D., N. Shcharbina, V. Dzmitruk, E. Pedziwiatr-Werbicka, M. Ionov, S. Mignani, F. J. de la Mata, R. G\u00f3mez, M. A. Mu\u00f1oz-Fern\u00e1ndez, J.-P. Majoral, M. Bryszewska. Dendrimer-Protein Interactions versus Dendrimer-Based Nanomedicine \/\/ Colloids and Surfaces B. &#8211; 2017. &#8211; Vol. 152. &#8211; P. 414-422.<\/li>\n<li>Pe\u00f1a-Gonz\u00e1lez C., Pedziwiatr-Werbicka E, Shcharbin D, Guerrero-Beltr\u00e1n C, Abashkin V, Loznikova S, Jimenez JL, Mu\u00f1oz-Fern\u00e1dez M.\u00c1, Bryszewska M, Gomez Ramirez R, S\u00e1nchez-Nieves J, de la Mata J. Gold Nanoparticles Stabilized by Cationic Carbosilane Dendrons: Synthesis, Characterization and Biological Properties \/\/ Dalton Transactions. &#8211; 2017. &#8211; Vol. 46. &#8211; P. 8736-8745.<\/li>\n<li>Michlewska S., Ionov M., Shcharbin D., Maroto-D\u00edaz M., Gomez Ramirez R., de la Mata F.J., Bryszewska M. Ruthenium metallodendrimers with anticancer potential in an acute promyelocytic leukemia cell line (HL60) \/\/ European Polymer Journal. &#8211; 2017. &#8211; Vol. 87. &#8211; P. 39-47.<\/li>\n<li>Mignani S., M. Bryszewska, M. Zablocka, B. Klajnert-Maculewicz, J. Cladera, D. Shcharbin, J.-P. Majoral. Can dendrimer-based nanoparticles fight neurodegenerative diseases? Current situation versus other established approaches \/\/ Progress in Polymer Science. &#8211; 2017. &#8211; Vol. 64. &#8211; P. 23-51.<\/li>\n<\/ol>\n<p>\n<\/div><\/div><\/div><\/div><\/div><\/section><\/p>\n","protected":false},"excerpt":{"rendered":"","protected":false},"author":1,"featured_media":0,"parent":0,"menu_order":0,"comment_status":"closed","ping_status":"closed","template":"","meta":{"footnotes":""},"class_list":["post-8106","page","type-page","status-publish","hentry"],"aioseo_notices":[],"_links":{"self":[{"href":"https:\/\/ibce.by\/en\/wp-json\/wp\/v2\/pages\/8106","targetHints":{"allow":["GET"]}}],"collection":[{"href":"https:\/\/ibce.by\/en\/wp-json\/wp\/v2\/pages"}],"about":[{"href":"https:\/\/ibce.by\/en\/wp-json\/wp\/v2\/types\/page"}],"author":[{"embeddable":true,"href":"https:\/\/ibce.by\/en\/wp-json\/wp\/v2\/users\/1"}],"replies":[{"embeddable":true,"href":"https:\/\/ibce.by\/en\/wp-json\/wp\/v2\/comments?post=8106"}],"version-history":[{"count":5,"href":"https:\/\/ibce.by\/en\/wp-json\/wp\/v2\/pages\/8106\/revisions"}],"predecessor-version":[{"id":8262,"href":"https:\/\/ibce.by\/en\/wp-json\/wp\/v2\/pages\/8106\/revisions\/8262"}],"wp:attachment":[{"href":"https:\/\/ibce.by\/en\/wp-json\/wp\/v2\/media?parent=8106"}],"curies":[{"name":"wp","href":"https:\/\/api.w.org\/{rel}","templated":true}]}}