{"id":7181,"date":"2020-06-22T13:59:42","date_gmt":"2020-06-22T10:59:42","guid":{"rendered":"https:\/\/ibp.org.by\/en\/?page_id=7181"},"modified":"2020-06-22T14:30:43","modified_gmt":"2020-06-22T11:30:43","slug":"stati","status":"publish","type":"page","link":"https:\/\/ibce.by\/en\/laboratoriya-nanobiotehnologij\/publikaczii\/stati\/","title":{"rendered":"\u0421\u0442\u0430\u0442\u044c\u0438"},"content":{"rendered":"<section class=\"kc-elm kc-css-633724 kc_row\"><div class=\"kc-row-container  kc-container\"><div class=\"kc-wrap-columns\"><div class=\"kc-elm kc-css-98182 kc_col-sm-12 kc_column kc_col-sm-12\"><div class=\"kc-col-container\">\n<div class=\"kc-elm kc-css-590786 kc-title-wrap \">\n\n\t<h1 class=\"kc_title\">\u0421\u0442\u0430\u0442\u044c\u0438<\/h1>\n<\/div>\n<div class=\"kc-elm kc-css-717682 kc_text_block\"><\/p>\n<p><em><strong>2019<\/strong><\/em><\/p>\n<p>1. Krasheninina O.A., E.K. Apartsin, E. Fuentes, A. Szulc, M. Ionov, A.G. Venyaminova, D. Shcharbin, F.J. de la Mata, M. Bryszewska, R. G\u03ccmez. Complexes of Pro-Apoptotic siRNAs and Carbosilane Dendrimers: Formation and Effect on Cancer Cells \/\/ Pharmaceutics. &#8211; 2019. &#8211; Vol. 11 (1), \u2116. 25.<br \/>\n2. Serchenya T., D. Shcharbin, I. Shyrochyna, O. Sviridov, M. Terekhova, V. Dzmitruk, V. Abashkin, E. Apartsin, S. Mignani, J.-P. Majoral, M. Ionov, M. Bryszewska. Immunoreactivity Changes of Human Serum Albumin and Alpha-1-Microglobulin Induced By Their Interaction With Dendrimers \/\/ Colloids and Surfaces B. &#8211; 2019. &#8211; Vol. 179. &#8211; P. 226-232.<br \/>\n3. Michlewska S., M. Ionov, M. Maroto-D\u00edaz, A. Szwed, A. Ihnatsyeu-Kachan, V. Abashkin, V. Dzmitruk, A. Rogalska, M. Denel, M. Gapinska, D. Shcharbin, R. Gomez Ramirez, F.J. de la Mata, M. Bryszewska. Ruthenium dendrimers against acute promyelocytic leukaemia. In vitro studies on HL-60 cells \/\/ Future Medicinal Chemistry. \u2013 2019. \u2013 Vol. 11, \u2116 14. \u2013 P. 1741-1756.<br \/>\n4. E. Pedziwiatr-Werbicka, K. Milowska, V. Dzmitruk, M. Ionov, D. Shcharbin, M. Bryszewska. Dendrimers and hyperbranched structures for biomedical applications \/\/ European Polymer Journal. \u2013 2019. &#8211; Vol. 119. &#8211; P. 61-73.<br \/>\n5. D. Shcharbin, I. Halets-Bui, V. Abashkin, V. Dzmitruk, S. Loznikova, M. Odaba\u015f\u0131, \u00d6. Acet, B. \u00d6nal, N. \u00d6zdemir, N. Shcharbina, M. Bryszewska, Hybrid Metal-Organic Nanoflowers and Their Application in Biotechnology and Medicine \/\/ Colloids and Surfaces B. &#8211; 2019. &#8211; Vol. 182, \u2116. 110354.<br \/>\n6. S. Michlewska, M. Kubczak, M. Maroto-D\u00edaz, N. Sanz del Olmo, P. Ortega, D. Shcharbin, R. Gomez Ramirez, F. J. de la Mata, M. Ionov, M. Bryszewska. FITC labelled ruthenium dendrimer as a controlled carrier in anticancer drug delivery \/\/ Biomolecules. &#8211; 2019. &#8211; Vol. 9, \u2116 9. \u2013 P. 411.<br \/>\n7. \u0412. \u041c. \u0410\u0431\u0430\u0448\u043a\u0438\u043d, \u0418. \u0412. \u0413\u0430\u043b\u0435\u0446-\u0411\u0443\u0439, \u041e. \u0413. \u0414\u043c\u0438\u0442\u0440\u0443\u043a, \u041c. \u0411\u0440\u044b\u0448\u0435\u0432\u0441\u043a\u0430, \u0414. \u0413. \u0429\u0435\u0440\u0431\u0438\u043d, \u041c. \u041e\u0434\u0430\u0431\u0430\u0448\u0438, \u041e. \u0410\u0446\u0435\u0442, \u0411. \u041e\u043d\u0430\u043b, \u041d. \u041e\u0437\u0434\u0435\u043c\u0438\u0440. \u0413\u0438\u0431\u0440\u0438\u0434\u043d\u044b\u0435 \u043c\u0435\u0442\u0430\u043b\u043b-\u043e\u0440\u0433\u0430\u043d\u0438\u0447\u0435\u0441\u043a\u0438\u0435 \u043d\u0430\u043d\u043e\u0446\u0432\u0435\u0442\u044b \u0438 \u0438\u0445 \u043f\u0440\u0438\u043c\u0435\u043d\u0435\u043d\u0438\u0435 \u0432 \u0431\u0438\u043e\u0442\u0435\u0445\u043d\u043e\u043b\u043e\u0433\u0438\u0438 \/\/ \u0412\u0435\u0441\u0442\u0438 \u041d\u0410\u041d \u0411\u0435\u043b\u0430\u0440\u0443\u0441\u0438, \u0441\u0435\u0440. \u0431\u0438\u043e\u043b. \u043d. &#8211; 2019. &#8211; \u0422. 64, \u2116 3. &#8211; \u0421. 374 &#8211; 384.<\/p>\n<p><em><strong>2018<\/strong><\/em><\/p>\n<p>8. Ihnatsyeu-Kachan A., V. Dzmitruk, E. Apartsin, O. Krasheninina, M. Ionov, S. Loznikova, A. Venyaminova, K. Milowska, D. Shcharbin, S. Mignani, M.-A. Mu\u00f1oz-Fern\u00e1ndez, J.-P. Majoral, M. Bryszewska. Multi-target inhibition of cancer cell growth by siRNA cocktails and 5-fluorouracil using effective piperidine-terminated phosphorus dendrimers \/\/ Colloids and Interfaces. &#8211; 2018. &#8211; Vol. 1, (1), \u2116 6.<br \/>\n9. Pedziwiatr-Werbicka E., Serchenya T., Shcharbin D., Terekhova M., Prokhira E., Shyrochyna I., Sviridov O., Pe\u00f1a-Gonz\u00e1lez C.E., G\u00f3mez R., S\u00e1nchez-Nieves J., de la Mata F.J., Bryszewska M. Dendronization of Gold Nanoparticles Decreases Their Impact on Human Alpha-1-Microglobulin \/\/ International Journal of Biological Macromolecules. &#8211; 2018. &#8211; Vol. 108. &#8211; P. 936-941.<br \/>\n10. Michlewska S., M. Ionov, M. Maroto-D\u00edaz, A. Szwed, A. Ihnatsyeu-Kachan, S. Loznikova, D. Shcharbin, M. Maly, R. Gomez Ramirez, F. J. de la Mata, M. Bryszewska. Ruthenium dendrimers as carriers for anticancer siRNA \/\/ Journal of Inorganic Biochemistry. \u2013 2018. &#8211; Vol. 181. &#8211; P. 18-27.<br \/>\n11. \u0410\u0431\u0430\u0448\u043a\u0438\u043d \u0412.\u041c., \u0414\u043c\u0438\u0442\u0440\u0443\u043a \u041e.\u0413., \u0429\u0435\u0440\u0431\u0438\u043d \u0414.\u0413. \u041c\u0430\u043b\u044b\u0435 \u043d\u0435\u043a\u043e\u0434\u0438\u0440\u0443\u044e\u0449\u0438\u0435 \u0420\u041d\u041a: \u0431\u0438\u043e\u043b\u043e\u0433\u0438\u0447\u0435\u0441\u043a\u0430\u044f \u0440\u043e\u043b\u044c \u0438 \u0431\u0438\u043e\u043c\u0435\u0434\u0438\u0446\u0438\u043d\u0441\u043a\u043e\u0435 \u043f\u0440\u0438\u043c\u0435\u043d\u0435\u043d\u0438\u0435 \/\/ \u0412\u0435\u0441\u0442\u0438 \u041d\u0410\u041d \u0411\u0435\u043b\u0430\u0440\u0443\u0441\u0438, \u0441\u0435\u0440.\u0431\u0438\u043e\u043b.\u043d. &#8211; 2018. &#8211; \u0422.63, \u21162. &#8211; C. 232-244.<br \/>\n12. Shcharbin D., E. Pedziwiatr-Werbicka, T. Serchenya, S. Cyboran-Mikolajczyk, L. Prakhira, V. Abashkin, V. Dzmitruk, M. Ionov, S. Loznikova, I. Shyrochyna, O. Sviridov, C.E. Pe\u00f1a-Gonz\u00e1lez, A. Barrios Gumiel, R. G\u00f3mez, F. J. de la Mata, M. Bryszewska. Role of cationic carbosilane dendrons and metallic core of functionalized gold nanoparticles in their interaction with human serum albumin \/\/ International Journal of Biological Macromolecules. &#8211; 2018. \u2013 Vol. 118 (Pt B). \u2013 P. 1773-1780.<br \/>\n13. Dzmitruk V., E. Apartsin, A. Ihnatsyeu-Kachan, V. Abashkin, D. Shcharbin, M. Bryszewska. Dendrimers Show Promise for siRNA and microRNA Therapeutics \/\/ Pharmaceutics. \u2013 2018. \u2013 Vol. 10, \u2116 3. \u2013 P. 126.<br \/>\n14. \u0414\u0443\u0431\u043e\u0432\u0441\u043a\u0430\u044f \u041b.\u0412., \u0411\u0430\u043a\u0430\u043a\u0438\u043d\u0430 \u042e.\u0421., \u0414\u043e\u0440\u043e\u0448\u0435\u043d\u043a\u043e \u0422.\u041c., \u041f\u043e\u0440\u0442\u044f\u043d\u043a\u043e \u0410.\u0421. \u0420\u0430\u043a\u043e\u0432\u044b\u0435 \u0441\u0442\u0432\u043e\u043b\u043e\u0432\u044b\u0435 \u043a\u043b\u0435\u0442\u043a\u0438 \u043c\u043e\u043b\u043e\u0447\u043d\u043e\u0439 \u0436\u0435\u043b\u0435\u0437\u044b: \u0438\u0434\u0435\u043d\u0442\u0438\u0444\u0438\u043a\u0430\u0446\u0438\u044f, \u0440\u043e\u043b\u044c \u0432 \u043c\u0435\u0442\u0430\u0441\u0442\u0430\u0437\u0438\u0440\u043e\u0432\u0430\u043d\u0438\u0438 \u0438 \u043b\u0435\u043a\u0430\u0440\u0441\u0442\u0432\u0435\u043d\u043d\u043e\u0439 \u0440\u0435\u0437\u0438\u0441\u0442\u0435\u043d\u0442\u043d\u043e\u0441\u0442\u0438 \/\/ \u041d\u043e\u0432\u043e\u0441\u0442\u0438 \u043c\u0435\u0434\u0438\u043a\u043e-\u0431\u0438\u043e\u043b\u043e\u0433\u0438\u0447\u0435\u0441\u043a\u0438\u0445 \u043d\u0430\u0443\u043a. \u2013 2018. \u2013 \u0422. 17, \u2116 1. \u2013 \u0421. 72\u201379.<\/p>\n<p><em><strong>2017<\/strong><\/em><\/p>\n<p>15. Shcharbin D., E. Pedziwiatr-Werbicka, A. Vcherashniaya, A. Janaszewska, M. Marcinkowska, P. Goska, B. Klajnert-Maculewicz, M. Ionov, V. Abashkin, A. Ihnatsyeu-Kachan, J. de la Mata, P. Ortega, R. Gomez-Ramirez, J.-P. Majoral, M. Bryszewska. Binding of poly(amidoamine), carbosilane, phosphorus and hybrid dendrimers to thrombin &#8211; constants and mechanisms \/\/ Colloids and Surfaces B. &#8211; 2017. &#8211; Vol. 155. &#8211; P. 11-16.<br \/>\n16. Shcharbin D., N. Shcharbina, V. Dzmitruk, E. Pedziwiatr-Werbicka, M. Ionov, S. Mignani, F. J. de la Mata, R. G\u00f3mez, M. A. Mu\u00f1oz-Fern\u00e1ndez, J.-P. Majoral, M. Bryszewska. Dendrimer-Protein Interactions versus Dendrimer-Based Nanomedicine \/\/ Colloids and Surfaces B. &#8211; 2017. &#8211; Vol. 152. &#8211; P. 414-422.<br \/>\n17. Pe\u00f1a-Gonz\u00e1lez C., Pedziwiatr-Werbicka E, Shcharbin D, Guerrero-Beltr\u00e1n C, Abashkin V, Loznikova S, Jimenez JL, Mu\u00f1oz-Fern\u00e1dez M.\u00c1, Bryszewska M, Gomez Ramirez R, S\u00e1nchez-Nieves J, de la Mata J. Gold Nanoparticles Stabilized by Cationic Carbosilane Dendrons: Synthesis, Characterization and Biological Properties \/\/ Dalton Transactions. &#8211; 2017. &#8211; Vol. 46. &#8211; P. 8736-8745.<br \/>\n18. Michlewska S., Ionov M., Shcharbin D., Maroto-D\u00edaz M., Gomez Ramirez R., de la Mata F.J., Bryszewska M. Ruthenium metallodendrimers with anticancer potential in an acute promyelocytic leukemia cell line (HL60) \/\/ European Polymer Journal. &#8211; 2017. &#8211; Vol. 87. &#8211; P. 39-47.<br \/>\n19. Mignani S., M. Bryszewska, M. Zablocka, B. Klajnert-Maculewicz, J. Cladera, D. Shcharbin, J.-P. Majoral. Can dendrimer-based nanoparticles fight neurodegenerative diseases? Current situation versus other established approaches \/\/ Progress in Polymer Science. &#8211; 2017. &#8211; Vol. 64. &#8211; P. 23-51.<\/p>\n<p><em><strong>2016<\/strong><\/em><\/p>\n<p>20. M. Ionov, A. Ihnatsyeu-Kachan, S. Michlewska, N. Shcharbina, D. Shcharbin, J.-P. Majoral, M. Bryszewska. Effect of dendrimers on selected enzymes &#8211; evaluation of nano carriers \/\/ International Journal of Pharmaceutics. &#8211; 2016. &#8211; Vol. 499. &#8211; P. 247-254.<br \/>\n21. A. Szwed, K. Milowska, M. Ionov, D. Shcharbin, S. Moreno, R. Gomez Ramirez, J. de la Mata, J.-P. Majoral, M. Bryszewska, T. Gabryelak. Interaction between dendrimers and regulatory proteins. Comparison of effects of carbosilane and carbosilane-viologen-phosphorus dendrimers \/\/ RSC Advances. &#8211; 2016. &#8211; Vol. 6. &#8211; P. 97546-97554.<\/p>\n<p><em><strong>2015<\/strong><\/em><\/p>\n<p>22. V. Dzmitruk, A. Szulc, D. Shcharbin, A. Janaszewska, N. Shcharbina, J. Lazniewska, D. Novopashina, M. Buyanova, M. Ionov, B. Klajnert-Maculewicz, R. G\u00f3mez-Ramirez, S. Mignani, J.-P. Majoral, M.A. Mu\u00f1oz-Fern\u00e1ndez, M. Bryszewska. Anticancer siRNA cocktails as a novel tool to treat cancer cells. Part (B). Efficiency of therapeutic action \/\/ International Journal of Pharmaceutics. &#8211; 2015. &#8211; Vol. 485. &#8211; P. 288-294.<br \/>\n23. M. Ionov, J. Lazniewska, V. Dzmitruk, I. Halets, S. Loznikova, D. Novopashina, E. Apartsin, O. Krasheninina, A. Venyaminova, K. Milowska, O. Nowacka, R. Gomez-Ramirez, F. J. de la Mata, J.-P. Majoral, D. Shcharbin, M. Bryszewska. Anticancer siRNA cocktails as a novel tool to treat cancer cells. Part (A). Mechanisms of interaction \/\/ International Journal of Pharmaceutics. &#8211; 2015. &#8211; Vol. 485. &#8211; P. 261-269.<br \/>\n24. M. Ionov, K. Ciepluch, Z. Garaiova, S. Melikishvili, S. Michlewska, \u0141. Balcerzak, S. Gli\u0144ska, K. Mi\u0142owska, R. Gomez Ramirez, F. J. de la Mata, D. Shcharbin, I. Waczulikova, M. Bryszewska, T. Hianik. Dendrimers complexed with HIV-1 peptides interact with liposomes and lipid monolayers \/\/ BBA &#8211; Biomembranes. &#8211; 2015. &#8211; Vol. 1848. &#8211; P. 907-915.<br \/>\n25. D. Shcharbin, N. Shcharbina, A. Shakhbazau, S. Mignani, J.-P. Majoral, M. Bryszewska, Phosphorus-Containing Nanoparticles: Biomedical Patents Review \/\/ Expert Opinion on Therapeutic Patents. &#8211; 2015. &#8211; Vol. 25. &#8211; P. 539-548.<br \/>\n26. Shcharbin D., M. Ionov, V. Abashkin, S. Loznikova, V. Dzmitruk, N. Shcharbina, L. Matusevich, K. Milowska, K. Ga\u0142\u0119cki, S. Wysocki, M. Bryszewska. Nanoparticle Corona for Proteins: Mechanisms of Interaction between Dendrimers and Proteins \/\/ Colloids and Surfaces B: Biointerfaces. &#8211; 2015. &#8211; Vol. 134. &#8211; P. 377-383.<br \/>\n27. Shakhbazau A., Mishra M., Chu T.H., Brideau C., Cummins K., Tsutsui S., Shcharbin D., Majoral J.P., Mignani S., Blanchard-Desce M., Bryszewska M., Wee Yong V., Stys P.K., van Minnen J. Fluorescent phosphorus dendrimer as a spectral nanosensor for macrophage polarization and fate tracking in spinal cord injury. \/\/ Macromolecular Bioscience. &#8211; 2015. \u2013 Vol. 15, \u2116 11. \u2013 P. 1523-1534.<br \/>\n28. \u041e.\u0413. \u0414\u043c\u0438\u0442\u0440\u0443\u043a, \u042d. \u0412\u0435\u0440\u0431\u0438\u0446\u043a\u0430-\u041f\u0435\u043d\u0434\u0437\u0438\u0432\u044f\u0442\u0440, \u0414. \u0413. \u0429\u0435\u0440\u0431\u0438\u043d, \u0420. \u0413\u043e\u043c\u0435\u0437, \u0424.-\u0425. \u0434\u0435 \u043b\u0430 \u041c\u0430\u0442\u0430, \u0416.-\u041f. \u041c\u0430\u0436\u043e\u0440\u0430\u043b\u044c, C. \u041c\u0438\u043d\u044c\u044f\u043d\u0438, \u041c. \u0411\u0440\u044b\u0448\u0435\u0432\u0441\u043a\u0430. \u0410\u0433\u0440\u0435\u0433\u0430\u0446\u0438\u044f \u0442\u0440\u043e\u043c\u0431\u043e\u0446\u0438\u0442\u043e\u0432 \u0432 \u043f\u0440\u0438\u0441\u0443\u0442\u0441\u0442\u0432\u0438\u0438 \u043a\u0430\u0442\u0438\u043e\u043d\u043d\u044b\u0445 \u0434\u0435\u043d\u0434\u0440\u0438\u043c\u0435\u0440\u043e\u0432 \u0438 \u0438\u0445 \u043a\u043e\u043c\u043f\u043b\u0435\u043a\u0441\u043e\u0432 \u0441 \u043c\u0438\u0420\u041d\u041a \u0438 \u041e\u0414\u041d \u0438 \u0432\u043b\u0438\u044f\u043d\u0438\u0435 \u0430\u043b\u044c\u0431\u0443\u043c\u0438\u043d\u043e\u0432 \u043d\u0430 \u0434\u0430\u043d\u043d\u044b\u0439 \u043f\u0440\u043e\u0446\u0435\u0441\u0441 \/\/ \u041d\u043e\u0432\u043e\u0441\u0442\u0438 \u043c\u0435\u0434\u0438\u043a\u043e-\u0431\u0438\u043e\u043b\u043e\u0433\u0438\u0447\u0435\u0441\u043a\u0438\u0445 \u043d\u0430\u0443\u043a. \u2013 2015. \u2013 \u0422. 12. &#8211; \u21164. \u2013 \u0421.139-143<\/p>\n<p><em><strong>2014<\/strong><\/em><\/p>\n<p>29. O. Nowacka, D. Shcharbin, B. Klajnert-Maculewicz, M. Bryszewska, Stabilizing effect of small concentrations of PAMAM dendrimers at the insulin aggregation \/\/ Colloids and Surfaces B: Biointerfaces. &#8211; 2014. &#8211; Vol. 116. &#8211; P. 757-760.<br \/>\n30. Vladimir I. Potkin, Dzmitry Shcharbin, Andrew A. Denisov, Svetlana G. Paschkevich, Maria Bryszewska, Sergey K. Petkevich, Alexey V. Kletskov, Dmitri O. Lapotko, Vladimir V. Kazbanov, Tatiana A. Gurinovich, Vladimir A. Kulchitsky, The Influence of Heterocyclic Compounds with PAMAM Dendrimers Complexes on Evoked Electrical Responses in Brain Slices in Hypoxia \/\/ Cellular &amp; Molecular Biology Letters. &#8211; 2014. &#8211; Vol. 19. &#8211; P. 243-248.<br \/>\n31. D. Shcharbin, A. Janaszewska, B. Klajnert-Maculewicz, B. Ziemba, V. Dzmitruk, I. Halets, S. Loznikova, N. Shcharbina, K. Milowska, M. Ionov, A. Shakhbazau, M. Bryszewska. How to study Dendrimers and Dendriplexes III. Biodistribution, Pharmacokinetics and Toxicity In vivo \/\/ Journal of Controlled Release. &#8211; 2014. &#8211; Vol.181. &#8211; P. 40-52.<br \/>\n32. A. Shakhbazau, S.J. Archibald, D. Shcharbin, M. Bryszewska, R. Midha. Aligned collagen-GAG matrix as a 3D substrate for Schwann cell migration and dendrimer-based gene delivery \/\/ Journal of Materials Science: Materials in Medicine. 2014. Vol. 25. P. 1979-1989.<br \/>\n33. D. Shcharbin, N. Shcharbina, M. Bryszewska. Recent patents in dendrimers for nanomedicine: evolution 2014 \/\/ Recent Patents on Nanomedicine. &#8211; 2014. &#8211; Vol. 4. &#8211; P. 25-31.<br \/>\n34. D. Shcharbin, N. Shcharbina, K. Milowska, F. J. de la Mata, M. A. Munoz-Fernandez, S. Mignani, R. Gomez-Ramirez, J.-P. Majoral, M. Bryszewska. Interference of cationic polymeric nanoparticles with clinical chemistry tests &#8211; clinical relevance \/\/ International Journal of Pharmaceutics. &#8211; 2014. &#8211; Vol. 473. &#8211; P. 599-606.<br \/>\n35. C.\u0416. \u041b\u043e\u0437\u043d\u0438\u043a\u043e\u0432\u0430, \u0410.\u0410. C\u0443x\u043e\u0434\u043e\u043b\u0430, \u041d.\u042e. \u0429\u0435p\u0431\u0438\u043d\u0430, \u0414.\u0413. \u0429\u0435p\u0431\u0438\u043d. \u0412\u043b\u0438\u044f\u043d\u0438\u0435 \u043c\u0430\u0433\u043d\u0438\u044f, \u0430\u0446\u0435\u0442\u0438\u043bc\u0430\u043b\u0438\u0446\u0438\u043b\u043e\u0432\u043e\u0439 \u043a\u0438c\u043b\u043e\u0442\u044b \u0438 \u044d\u043c\u043e\u043ac\u0438\u043f\u0438\u043d\u0430 \u043d\u0430 \u0430\u0433p\u0435\u0433\u0430\u0446\u0438\u044e \u0442p\u043e\u043c\u0431\u043e\u0446\u0438\u0442\u043e\u0432 \/\/ \u0411\u0438\u043e\u0444\u0438\u0437\u0438\u043a\u0430. \u2013 2014. &#8211; \u0422\u043e\u043c 59, \u0432\u044b\u043f. 6. &#8211; \u0421. 1108\u20131112.<br \/>\n36. \u0418. \u0412. \u0413\u0430\u043b\u0435\u0446-\u0411\u0443\u0439, \u0410. \u0410. \u0421\u0443\u0445\u043e\u0434\u043e\u043b\u0430, \u0414. \u0413. \u0429\u0435\u0440\u0431\u0438\u043d. \u041f\u043e\u0434\u0432\u0438\u0436\u043d\u043e\u0441\u0442\u044c \u0445\u0440\u043e\u043c\u043e\u0444\u043e\u0440\u043e\u0432, \u043f\u043e\u0433\u043b\u043e\u0449\u0430\u044e\u0449\u0438\u0445 \u0441\u0432\u0435\u0442 \u0432 \u0434\u0438\u0430\u043f\u0430\u0437\u043e\u043d\u0435 320-420 \u043d\u043c, \u0432 \u0442\u043a\u0430\u043d\u0438 \u043f\u0440\u043e\u0437\u0440\u0430\u0447\u043d\u044b\u0445 \u0438 \u043a\u0430\u0442\u0430\u0440\u0430\u043a\u0442\u0430\u043b\u044c\u043d\u044b\u0445 \u0445\u0440\u0443\u0441\u0442\u0430\u043b\u0438\u043a\u043e\u0432 \/\/ \u0416\u041f\u0421. &#8211; 2014. &#8211; \u0422. 81, \u2116 5. &#8211; \u0421. 747-753.<\/p>\n<p>\n<\/div><\/div><\/div><\/div><\/div><\/section>\n","protected":false},"excerpt":{"rendered":"","protected":false},"author":1,"featured_media":0,"parent":7177,"menu_order":0,"comment_status":"closed","ping_status":"closed","template":"","meta":{"footnotes":""},"class_list":["post-7181","page","type-page","status-publish","hentry"],"aioseo_notices":[],"_links":{"self":[{"href":"https:\/\/ibce.by\/en\/wp-json\/wp\/v2\/pages\/7181","targetHints":{"allow":["GET"]}}],"collection":[{"href":"https:\/\/ibce.by\/en\/wp-json\/wp\/v2\/pages"}],"about":[{"href":"https:\/\/ibce.by\/en\/wp-json\/wp\/v2\/types\/page"}],"author":[{"embeddable":true,"href":"https:\/\/ibce.by\/en\/wp-json\/wp\/v2\/users\/1"}],"replies":[{"embeddable":true,"href":"https:\/\/ibce.by\/en\/wp-json\/wp\/v2\/comments?post=7181"}],"version-history":[{"count":3,"href":"https:\/\/ibce.by\/en\/wp-json\/wp\/v2\/pages\/7181\/revisions"}],"predecessor-version":[{"id":7215,"href":"https:\/\/ibce.by\/en\/wp-json\/wp\/v2\/pages\/7181\/revisions\/7215"}],"up":[{"embeddable":true,"href":"https:\/\/ibce.by\/en\/wp-json\/wp\/v2\/pages\/7177"}],"wp:attachment":[{"href":"https:\/\/ibce.by\/en\/wp-json\/wp\/v2\/media?parent=7181"}],"curies":[{"name":"wp","href":"https:\/\/api.w.org\/{rel}","templated":true}]}}