{"id":7179,"date":"2020-06-22T13:59:16","date_gmt":"2020-06-22T10:59:16","guid":{"rendered":"https:\/\/ibp.org.by\/en\/?page_id=7179"},"modified":"2020-06-22T14:26:56","modified_gmt":"2020-06-22T11:26:56","slug":"knigi-i-monografii","status":"publish","type":"page","link":"https:\/\/ibce.by\/en\/laboratoriya-nanobiotehnologij\/publikaczii\/knigi-i-monografii\/","title":{"rendered":"\u041a\u043d\u0438\u0433\u0438 \u0438 \u043c\u043e\u043d\u043e\u0433\u0440\u0430\u0444\u0438\u0438"},"content":{"rendered":"<section class=\"kc-elm kc-css-431680 kc_row\"><div class=\"kc-row-container  kc-container\"><div class=\"kc-wrap-columns\"><div class=\"kc-elm kc-css-763954 kc_col-sm-12 kc_column kc_col-sm-12\"><div class=\"kc-col-container\">\n<div class=\"kc-elm kc-css-956647 kc-title-wrap \">\n\n\t<h1 class=\"kc_title\">\u041a\u043d\u0438\u0433\u0438 \u0438 \u043c\u043e\u043d\u043e\u0433\u0440\u0430\u0444\u0438\u0438<\/h1>\n<\/div>\n<div class=\"kc-elm kc-css-670850 kc_text_block\"><\/p>\n<p>1. \u041c\u0430\u0436\u0443\u043b\u044c \u0412. \u041c. \u041c\u0435\u0436\u043a\u043b\u0435\u0442\u043e\u0447\u043d\u044b\u0435 \u043a\u043e\u043d\u0442\u0430\u043a\u0442\u044b \/\/ \u041c\u0438\u043d\u0441\u043a: \u041d\u0430\u0443\u043a\u0430 \u0438 \u0442\u0435\u0445\u043d\u0438\u043a\u0430. &#8211; 1977. &#8211; 290 c.<br \/>\n2. V.M. Mazhul, D.G. Shcharbin. Phosphorescent Analysis of Lipid Peroxidation Products in vitro and in situ \/\/ Chapter 10 in book: Photobiology and Membrane Biophysics. Volotovski Ed. Minsk: TechnoPrint. &#8211; 1999. &#8211; P. 175-194 (In Russian).<br \/>\n3. V.M. Mazhul, E.M. Zaitseva, D.G. Shcharbin. Protein: Strategy of Functioning \/\/ Chapter 3 in book: Biophysics of Living Systems: from Molecule to Organism. I.V. Volotovski Ed. Minsk: BelSens. &#8211; 2002. &#8211; P. 27-48 (In Russian).<br \/>\n4. D. Shcharbin, B. Klajnert, M. Bryszewska. Practical Guide to Studying Dendrimers. Book, iSmithers Rapra Publishing: Shawbury, Shrewsbury, Shropshire, UK. &#8211; 2010. &#8211; 120 p.<br \/>\n5. Vladimir M. Mazhul\u2019, Alexander V. Timoshenko, Ekaterina M. Zaitseva, Svetlana G. Loznikova, Inessa V. Halets and Tatsiana S. Chernovets. Room Temperature Tryptophan Phosphorescence of Proteins in the Composition of Biological Membranes and Solutions \/\/ in Book: Reviews in Fluorescence. \u2013 2010. \u2013 Vol. 2008. -P. 37-67.<br \/>\n6. V. Dzmitruk, D. Shcharbin, E. Pedziwiatr, M. Bryszewska. Dendrimers in Anti-HIV Therapy. \u2013 2011. &#8211; p. 361-374. Chapter 16 in book: Advances in Nanocomposite Technology, Dr. Abbass Hashim (Ed.), InTech.<br \/>\n7. \u0412.\u0418. \u041a\u0440\u043e\u0442, \u0418.\u0412. \u0413\u0430\u043b\u0435\u0446, \u0422.\u0412. \u041c\u0443\u0437\u044b\u043a\u0430, \u0410.\u0412. \u041c\u0443\u0447\u043a\u043e\u0432\u0441\u043a\u0438\u0439, \u041d.\u0410. \u041f\u0440\u043e\u043a\u043e\u0448\u0438\u043d\u0430, \u0414.\u0413. \u0429\u0435\u0440\u0431\u0438\u043d. \u041b\u0443\u0447\u0435\u0432\u0430\u044f \u043a\u0430\u0442\u0430\u0440\u0430\u043a\u0442\u0430 \/\/ \u041c\u0435\u0442\u043e\u0434. \u043f\u043e\u0441\u043e\u0431\u0438\u0435 \u043a \u043b\u0430\u0431. \u043f\u0440\u0430\u043a\u0442. \u0434\u043b\u044f \u0441\u0442\u0443\u0434. \u0444\u0438\u0437. &#8211; \u041c\u0438\u043d\u0441\u043a: \u0411\u0413\u0423. &#8211; 2012. &#8211; 60 \u0441.<br \/>\n8. V. A. Kulchitsky, M. V. Talabaev, A. N. Chernov, D. G. Grigoriev, Y. E. Demidchik, D. G. Shcharbin, N. M. Chekan, V. V. Kazbanov, T. A. Gurinovich, A. I. Gordienko, E. K. Sergeeva, V. I. Potkin, V. N. Kalunov. Improving the Efficiency of Chemotherapeutic Drugs by the Action on Neuroepithelial Tumors. \u2013 2012. &#8211; P. 465-486. Chapter 21 in book: Glioma &#8211; Exploring Its Biology and Practical Relevance, Dr. Anirban Ghosh (Ed.), InTech, 2012,<br \/>\n9. D. Shcharbin, V. Dzmitruk, I. Halets, E. Pedziwiatr-Werbicka, M. Bryszewska. Dendrimers in biology and medicine. &#8211; p. 126-139. Chapter 10 in book: Nanomedicine and Drug Delivery, book series: \u2018Recent Advances in Nanoscience and Nanotechnology\u2019, 2012, Volume 1. M. Sebastian, N. Ninan, A.K. Haghi (Eds.), Apple Academic Press: Toronto, New Jersey (USA), 2012.<br \/>\n10. R. G\u00f3mez, F. J. de la Mata, J. L. Jim\u00e9nez\u2010Fuentes, P. Ortega, B. Klajnert, E. Pedziwiatr\u2010Werbicka, D. Shcharbin, M. Bryszewska, M. Maly, J. Maly, M.J. Serram\u00eda, R. Lorente and M. A. Mu\u00f1oz\u2010Fern\u00e1ndez. Cationic Carbosilane Dendrimers as Non\u2010viral Vectors of Nucleic Acids (Oligonucleotide or siRNA) for Gene Therapy Purposes. &#8211; p. 40-55. Chapter in Book: \u2018Dendrimers in Biomedical Applications\u2019, B. Klajnert, L. Peng, V. Cena (Eds.), RSC Publishing, London (UK), 2012.<br \/>\n11. A.J. Peris\u00e9-Barrios, D. Sep\u00falveda-Crespo, D. Shcharbin, B. Rasines, R. G\u00f3mez, B. Klajnert-Maculewicz, M. Bryszewska, F.J. De La Mata, M.A. Mu\u00f1oz-Fern\u00e1ndez. Dendrimers. &#8211; pp. 246-279. Chapter 7 in book \u201cSoft Nanoparticles for Biomedical Applications\u201d, Series: RSC Nanoscience &amp; Nanotechnology (Eds: J. Callejas-Fern\u00e1ndez, J. Estelrich, M. Quesada-P\u00e9rez, J. Forcada), 2014, Issue 34.<\/p>\n<p>\n<\/div><\/div><\/div><\/div><\/div><\/section>\n","protected":false},"excerpt":{"rendered":"","protected":false},"author":1,"featured_media":0,"parent":7177,"menu_order":0,"comment_status":"closed","ping_status":"closed","template":"","meta":{"footnotes":""},"class_list":["post-7179","page","type-page","status-publish","hentry"],"aioseo_notices":[],"_links":{"self":[{"href":"https:\/\/ibce.by\/en\/wp-json\/wp\/v2\/pages\/7179","targetHints":{"allow":["GET"]}}],"collection":[{"href":"https:\/\/ibce.by\/en\/wp-json\/wp\/v2\/pages"}],"about":[{"href":"https:\/\/ibce.by\/en\/wp-json\/wp\/v2\/types\/page"}],"author":[{"embeddable":true,"href":"https:\/\/ibce.by\/en\/wp-json\/wp\/v2\/users\/1"}],"replies":[{"embeddable":true,"href":"https:\/\/ibce.by\/en\/wp-json\/wp\/v2\/comments?post=7179"}],"version-history":[{"count":2,"href":"https:\/\/ibce.by\/en\/wp-json\/wp\/v2\/pages\/7179\/revisions"}],"predecessor-version":[{"id":7213,"href":"https:\/\/ibce.by\/en\/wp-json\/wp\/v2\/pages\/7179\/revisions\/7213"}],"up":[{"embeddable":true,"href":"https:\/\/ibce.by\/en\/wp-json\/wp\/v2\/pages\/7177"}],"wp:attachment":[{"href":"https:\/\/ibce.by\/en\/wp-json\/wp\/v2\/media?parent=7179"}],"curies":[{"name":"wp","href":"https:\/\/api.w.org\/{rel}","templated":true}]}}